{"id":136,"date":"2015-10-13T13:15:16","date_gmt":"2015-10-13T13:15:16","guid":{"rendered":"http:\/\/loricestetic.com.br\/?page_id=136"},"modified":"2026-02-19T18:26:33","modified_gmt":"2026-02-19T18:26:33","slug":"equipe","status":"publish","type":"page","link":"https:\/\/loricestetic.com.br\/index.php\/equipe\/","title":{"rendered":"Equipe"},"content":{"rendered":"<div style=\"width: 100%;\">\n<p><img decoding=\"async\" style=\"float: left;\" src=\"https:\/\/loricestetic.com.br\/wp-content\/uploads\/2015\/10\/equipe-lorice.jpg\" alt=\"\" \/><\/p>\n<div style=\"float: left; margin-left: 30px; margin-top: 30px;\">\n<p><strong>Dra. Lorice Isa Miguel<\/strong><br \/>\nFisioterapeuta e Diretora Cl\u00ednica \u2013 crefito 3 \u2013 11276-F<\/p>\n<p>\u2022 Formada pela UFSCar, 1990;<br \/>\n\u2022 P\u00f3s graduada em fisioterapia dermato funcional 2002<\/p>\n<\/div>\n<\/div>\n<div style=\"clear: both;\"><\/div>\n<p>&nbsp;<\/p>\n<div style=\"margin-right: 10px; float: left; margin-bottom: 50px;\"><img decoding=\"async\" style=\"float: left;\" src=\"https:\/\/loricestetic.com.br\/wp-content\/uploads\/2019\/08\/equipe-maria.jpg\" alt=\"\" \/><\/div>\n<div style=\"float: left; margin-left: 30px; margin-top: 30px;\">\n<p><strong>Maria Patr\u00edcia Miguel Machaolani<\/strong><br \/>\n\u2022 P\u00f3s-graduada em Reabilita\u00e7\u00e3o cardiopulmonar<br \/>\n\u2022 Curso de Pilates B\u00e1sico e Avan\u00e7ado<br \/>\n\u2022 Curso Internacional Drenagem Linf\u00e1tica \u2013 M\u00e9todo Leduc &#8211; Bruxelas<br \/>\n\u2022 CREFITO 273111\/F<\/p>\n<\/div>\n<div style=\"clear: both;\"><\/div>\n<p>&nbsp;<\/p>\n<div style=\"margin-right: 10px; float: left; margin-bottom: 50px;\"><img decoding=\"async\" style=\"float: left;\" src=\"https:\/\/loricestetic.com.br\/wp-content\/uploads\/2019\/08\/equipe-andrea.jpg\" alt=\"\" \/><\/div>\n<div style=\"float: left; margin-left: 30px; margin-top: 30px;\">\n<p><strong>Andrea Cristina Pereira<\/strong><br \/>\n\u2022 Fisioterapeuta Dermato Funcional<br \/>\n\u2022 Acunputurista<br \/>\n\u2022 RPG<br \/>\n\u2022 CREFITO 3\/31638-F<\/p>\n<\/div>\n<div style=\"clear: both;\">\n<div style=\"clear: both;\"><\/div>\n<p>&nbsp;<\/p>\n<div style=\"margin-right: 10px; float: left; margin-bottom: 50px;\"><img decoding=\"async\" style=\"float: left;\" src=\"https:\/\/loricestetic.com.br\/wp-content\/uploads\/2025\/10\/avatarmedico.jpg\" alt=\"\" \/><\/div>\n<div style=\"float: left; margin-left: 30px; margin-top: 30px;\">\n<p><strong>Dr. Marcelo Nagao<\/strong><br \/>\n\u2022 Gradua\u00e7\u00e3o 2013-2018 Unifesp<br \/>\n\u2022 Cirurgia Vascular<br \/>\n\u2022 Atendimento de cirurgia vascular e realiza\u00e7\u00e3o de procedimentos ambulatoriais<\/p>\n<\/div>\n<div style=\"clear: both;\"><\/div>\n<\/div>\n<p><strong>Colaboradores:<\/strong><\/p>\n<p>\u2022 Dra. Lilianne Queiroz \u2013 fisioterapeuta &#8211; organiza\u00e7\u00e3o dos cursos Norte\/Brasil &#8211; Santar\u00e9m &#8211; Par\u00e1<br \/>\n\u2022 Dr. Eduardo Gusman &#8211; fisioterapeuta &#8211; &#8211; organiza\u00e7\u00e3o eventos cursos Maring\u00e1\/Paran\u00e1<br \/>\n\u2022 Cristina Milani: T\u00e9cnica de Alta Tecnologia<br \/>\n\u2022 Dra Simone Galante &#8211; assessoria jur\u00eddica \u2013 S\u00e3o Paulo &#8211; SP<br \/>\n\u2022 Transpira\u00e7\u00e3o Marketing Digital \u2013 <a href=\"http:\/\/www.transpiracao.com.br\" target=\"_blank\" rel=\"noopener\">www.transpiracao.com.br<\/a> &#8211; Telefone (11) 5584-5887 &#8211; S\u00e3o Paulo &#8211; SP<\/p>\n","protected":false},"excerpt":{"rendered":"<p>Dra. Lorice Isa Miguel Fisioterapeuta e Diretora Cl\u00ednica \u2013 crefito 3 \u2013 11276-F \u2022 Formada pela UFSCar, 1990; \u2022 P\u00f3s graduada em fisioterapia dermato funcional [&hellip;]<\/p>\n","protected":false},"author":1,"featured_media":0,"parent":0,"menu_order":0,"comment_status":"closed","ping_status":"closed","template":"","meta":{"footnotes":""},"class_list":["post-136","page","type-page","status-publish","hentry"],"yoast_head":"<!-- This site is optimized with the Yoast SEO plugin v26.2 - https:\/\/yoast.com\/wordpress\/plugins\/seo\/ -->\n<title>Equipe - Lorice - Fisioterapia e Est\u00e9tica<\/title>\n<meta name=\"robots\" content=\"index, follow, max-snippet:-1, max-image-preview:large, max-video-preview:-1\" \/>\n<link rel=\"canonical\" href=\"https:\/\/loricestetic.com.br\/index.php\/equipe\/\" \/>\n<meta property=\"og:locale\" content=\"pt_BR\" \/>\n<meta property=\"og:type\" content=\"article\" \/>\n<meta property=\"og:title\" content=\"Equipe - Lorice - Fisioterapia e Est\u00e9tica\" \/>\n<meta property=\"og:description\" content=\"Dra. Lorice Isa Miguel Fisioterapeuta e Diretora Cl\u00ednica \u2013 crefito 3 \u2013 11276-F \u2022 Formada pela UFSCar, 1990; \u2022 P\u00f3s graduada em fisioterapia dermato funcional [&hellip;]\" \/>\n<meta property=\"og:url\" content=\"https:\/\/loricestetic.com.br\/index.php\/equipe\/\" \/>\n<meta property=\"og:site_name\" content=\"Lorice - Fisioterapia e Est\u00e9tica\" \/>\n<meta property=\"article:modified_time\" content=\"2026-02-19T18:26:33+00:00\" \/>\n<meta property=\"og:image\" content=\"http:\/\/loricestetic.com.br\/wp-content\/uploads\/2015\/10\/equipe-lorice.jpg\" \/>\n<meta name=\"twitter:card\" content=\"summary_large_image\" \/>\n<meta name=\"twitter:label1\" content=\"Est. tempo de leitura\" \/>\n\t<meta name=\"twitter:data1\" content=\"2 minutos\" \/>\n<script type=\"application\/ld+json\" class=\"yoast-schema-graph\">{\"@context\":\"https:\/\/schema.org\",\"@graph\":[{\"@type\":\"WebPage\",\"@id\":\"https:\/\/loricestetic.com.br\/index.php\/equipe\/\",\"url\":\"https:\/\/loricestetic.com.br\/index.php\/equipe\/\",\"name\":\"Equipe - Lorice - Fisioterapia e Est\u00e9tica\",\"isPartOf\":{\"@id\":\"https:\/\/loricestetic.com.br\/#website\"},\"primaryImageOfPage\":{\"@id\":\"https:\/\/loricestetic.com.br\/index.php\/equipe\/#primaryimage\"},\"image\":{\"@id\":\"https:\/\/loricestetic.com.br\/index.php\/equipe\/#primaryimage\"},\"thumbnailUrl\":\"http:\/\/loricestetic.com.br\/wp-content\/uploads\/2015\/10\/equipe-lorice.jpg\",\"datePublished\":\"2015-10-13T13:15:16+00:00\",\"dateModified\":\"2026-02-19T18:26:33+00:00\",\"breadcrumb\":{\"@id\":\"https:\/\/loricestetic.com.br\/index.php\/equipe\/#breadcrumb\"},\"inLanguage\":\"pt-BR\",\"potentialAction\":[{\"@type\":\"ReadAction\",\"target\":[\"https:\/\/loricestetic.com.br\/index.php\/equipe\/\"]}]},{\"@type\":\"ImageObject\",\"inLanguage\":\"pt-BR\",\"@id\":\"https:\/\/loricestetic.com.br\/index.php\/equipe\/#primaryimage\",\"url\":\"http:\/\/loricestetic.com.br\/wp-content\/uploads\/2015\/10\/equipe-lorice.jpg\",\"contentUrl\":\"http:\/\/loricestetic.com.br\/wp-content\/uploads\/2015\/10\/equipe-lorice.jpg\"},{\"@type\":\"BreadcrumbList\",\"@id\":\"https:\/\/loricestetic.com.br\/index.php\/equipe\/#breadcrumb\",\"itemListElement\":[{\"@type\":\"ListItem\",\"position\":1,\"name\":\"In\u00edcio\",\"item\":\"https:\/\/loricestetic.com.br\/\"},{\"@type\":\"ListItem\",\"position\":2,\"name\":\"Equipe\"}]},{\"@type\":\"WebSite\",\"@id\":\"https:\/\/loricestetic.com.br\/#website\",\"url\":\"https:\/\/loricestetic.com.br\/\",\"name\":\"Lorice - Fisioterapia e Est\u00e9tica\",\"description\":\"\",\"publisher\":{\"@id\":\"https:\/\/loricestetic.com.br\/#organization\"},\"potentialAction\":[{\"@type\":\"SearchAction\",\"target\":{\"@type\":\"EntryPoint\",\"urlTemplate\":\"https:\/\/loricestetic.com.br\/?s={search_term_string}\"},\"query-input\":{\"@type\":\"PropertyValueSpecification\",\"valueRequired\":true,\"valueName\":\"search_term_string\"}}],\"inLanguage\":\"pt-BR\"},{\"@type\":\"Organization\",\"@id\":\"https:\/\/loricestetic.com.br\/#organization\",\"name\":\"Lorice - Fisioterapia e Est\u00e9tica\",\"url\":\"https:\/\/loricestetic.com.br\/\",\"logo\":{\"@type\":\"ImageObject\",\"inLanguage\":\"pt-BR\",\"@id\":\"https:\/\/loricestetic.com.br\/#\/schema\/logo\/image\/\",\"url\":\"https:\/\/loricestetic.com.br\/wp-content\/uploads\/2015\/09\/cropped-logo.png\",\"contentUrl\":\"https:\/\/loricestetic.com.br\/wp-content\/uploads\/2015\/09\/cropped-logo.png\",\"width\":160,\"height\":83,\"caption\":\"Lorice - Fisioterapia e Est\u00e9tica\"},\"image\":{\"@id\":\"https:\/\/loricestetic.com.br\/#\/schema\/logo\/image\/\"}}]}<\/script>\n<!-- \/ Yoast SEO plugin. -->","yoast_head_json":{"title":"Equipe - Lorice - Fisioterapia e Est\u00e9tica","robots":{"index":"index","follow":"follow","max-snippet":"max-snippet:-1","max-image-preview":"max-image-preview:large","max-video-preview":"max-video-preview:-1"},"canonical":"https:\/\/loricestetic.com.br\/index.php\/equipe\/","og_locale":"pt_BR","og_type":"article","og_title":"Equipe - Lorice - Fisioterapia e Est\u00e9tica","og_description":"Dra. Lorice Isa Miguel Fisioterapeuta e Diretora Cl\u00ednica \u2013 crefito 3 \u2013 11276-F \u2022 Formada pela UFSCar, 1990; \u2022 P\u00f3s graduada em fisioterapia dermato funcional [&hellip;]","og_url":"https:\/\/loricestetic.com.br\/index.php\/equipe\/","og_site_name":"Lorice - Fisioterapia e Est\u00e9tica","article_modified_time":"2026-02-19T18:26:33+00:00","og_image":[{"url":"http:\/\/loricestetic.com.br\/wp-content\/uploads\/2015\/10\/equipe-lorice.jpg","type":"","width":"","height":""}],"twitter_card":"summary_large_image","twitter_misc":{"Est. tempo de leitura":"2 minutos"},"schema":{"@context":"https:\/\/schema.org","@graph":[{"@type":"WebPage","@id":"https:\/\/loricestetic.com.br\/index.php\/equipe\/","url":"https:\/\/loricestetic.com.br\/index.php\/equipe\/","name":"Equipe - Lorice - Fisioterapia e Est\u00e9tica","isPartOf":{"@id":"https:\/\/loricestetic.com.br\/#website"},"primaryImageOfPage":{"@id":"https:\/\/loricestetic.com.br\/index.php\/equipe\/#primaryimage"},"image":{"@id":"https:\/\/loricestetic.com.br\/index.php\/equipe\/#primaryimage"},"thumbnailUrl":"http:\/\/loricestetic.com.br\/wp-content\/uploads\/2015\/10\/equipe-lorice.jpg","datePublished":"2015-10-13T13:15:16+00:00","dateModified":"2026-02-19T18:26:33+00:00","breadcrumb":{"@id":"https:\/\/loricestetic.com.br\/index.php\/equipe\/#breadcrumb"},"inLanguage":"pt-BR","potentialAction":[{"@type":"ReadAction","target":["https:\/\/loricestetic.com.br\/index.php\/equipe\/"]}]},{"@type":"ImageObject","inLanguage":"pt-BR","@id":"https:\/\/loricestetic.com.br\/index.php\/equipe\/#primaryimage","url":"http:\/\/loricestetic.com.br\/wp-content\/uploads\/2015\/10\/equipe-lorice.jpg","contentUrl":"http:\/\/loricestetic.com.br\/wp-content\/uploads\/2015\/10\/equipe-lorice.jpg"},{"@type":"BreadcrumbList","@id":"https:\/\/loricestetic.com.br\/index.php\/equipe\/#breadcrumb","itemListElement":[{"@type":"ListItem","position":1,"name":"In\u00edcio","item":"https:\/\/loricestetic.com.br\/"},{"@type":"ListItem","position":2,"name":"Equipe"}]},{"@type":"WebSite","@id":"https:\/\/loricestetic.com.br\/#website","url":"https:\/\/loricestetic.com.br\/","name":"Lorice - Fisioterapia e Est\u00e9tica","description":"","publisher":{"@id":"https:\/\/loricestetic.com.br\/#organization"},"potentialAction":[{"@type":"SearchAction","target":{"@type":"EntryPoint","urlTemplate":"https:\/\/loricestetic.com.br\/?s={search_term_string}"},"query-input":{"@type":"PropertyValueSpecification","valueRequired":true,"valueName":"search_term_string"}}],"inLanguage":"pt-BR"},{"@type":"Organization","@id":"https:\/\/loricestetic.com.br\/#organization","name":"Lorice - Fisioterapia e Est\u00e9tica","url":"https:\/\/loricestetic.com.br\/","logo":{"@type":"ImageObject","inLanguage":"pt-BR","@id":"https:\/\/loricestetic.com.br\/#\/schema\/logo\/image\/","url":"https:\/\/loricestetic.com.br\/wp-content\/uploads\/2015\/09\/cropped-logo.png","contentUrl":"https:\/\/loricestetic.com.br\/wp-content\/uploads\/2015\/09\/cropped-logo.png","width":160,"height":83,"caption":"Lorice - Fisioterapia e Est\u00e9tica"},"image":{"@id":"https:\/\/loricestetic.com.br\/#\/schema\/logo\/image\/"}}]}},"_links":{"self":[{"href":"https:\/\/loricestetic.com.br\/index.php\/wp-json\/wp\/v2\/pages\/136","targetHints":{"allow":["GET"]}}],"collection":[{"href":"https:\/\/loricestetic.com.br\/index.php\/wp-json\/wp\/v2\/pages"}],"about":[{"href":"https:\/\/loricestetic.com.br\/index.php\/wp-json\/wp\/v2\/types\/page"}],"author":[{"embeddable":true,"href":"https:\/\/loricestetic.com.br\/index.php\/wp-json\/wp\/v2\/users\/1"}],"replies":[{"embeddable":true,"href":"https:\/\/loricestetic.com.br\/index.php\/wp-json\/wp\/v2\/comments?post=136"}],"version-history":[{"count":45,"href":"https:\/\/loricestetic.com.br\/index.php\/wp-json\/wp\/v2\/pages\/136\/revisions"}],"predecessor-version":[{"id":3153,"href":"https:\/\/loricestetic.com.br\/index.php\/wp-json\/wp\/v2\/pages\/136\/revisions\/3153"}],"wp:attachment":[{"href":"https:\/\/loricestetic.com.br\/index.php\/wp-json\/wp\/v2\/media?parent=136"}],"curies":[{"name":"wp","href":"https:\/\/api.w.org\/{rel}","templated":true}]}}