{"id":125,"date":"2015-10-13T13:12:31","date_gmt":"2015-10-13T13:12:31","guid":{"rendered":"http:\/\/loricestetic.com.br\/?page_id=125"},"modified":"2015-10-27T17:06:54","modified_gmt":"2015-10-27T17:06:54","slug":"fitoterapia","status":"publish","type":"page","link":"https:\/\/loricestetic.com.br\/index.php\/fitoterapia\/","title":{"rendered":"Fitoterapia"},"content":{"rendered":"<h2>NATUREZA A SERVI\u00c7O DA SA\u00daDE E BELEZA<\/h2>\n<p>As plantas listadas pertencem \u00e0 Farmacop\u00e9ia Brasileira, ou s\u00e3o consagradas pelo uso popular. Confira as propriedades de cura algumas delas abaixo:<\/p>\n<p><strong>Abacateiro:<\/strong> carminativa, diur\u00e9tica, c\u00e1lculos renais, dores reum\u00e1ticas;<\/p>\n<p><strong>Alcachofra:<\/strong> menstrua\u00e7\u00f5es dif\u00edceis, inflama\u00e7\u00e3o do \u00fatero e ov\u00e1rio;<\/p>\n<p><strong>Arnica:<\/strong> artrose, dores reum\u00e1ticas, traumatismos;<\/p>\n<p><strong>Banch\u00e1:<\/strong> anti\u00e1cido, digestivo;<\/p>\n<p><strong>Carqueja:<\/strong> anemia, f\u00edgado, diur\u00e9tica, ajuda no emagrecimento;<\/p>\n<p><strong>Cascara-Sagrada:<\/strong> laxante, purgativa;<\/p>\n<p><strong>Cavalinha:<\/strong> cont\u00e9m c\u00e1lcio, remineralizante, \u00e1cido \u00farico, rins;<\/p>\n<p><strong>Centela:<\/strong> varizes, varicoses, celulites, emagrecedora;<\/p>\n<p><strong>Ch\u00e1-de-Bugre:<\/strong> cicatrizante, herpes, psor\u00edase, picadas de insetos;<\/p>\n<p><strong>Estigma-de-Milho:<\/strong> nefrite, cistite, hipotensor, diur\u00e9tico;<\/p>\n<p><strong>Fucus:<\/strong> regula o metabolismo, obesidade, disfun\u00e7\u00e3o da tire\u00f3ide;<\/p>\n<p><strong>Garra-do-Diabo:<\/strong> anti-inflamat\u00f3rio, gota, reumatismo sang\u00fc\u00edneo;<\/p>\n<p><strong>Ginko Biloba:<\/strong> oxigena\u00e7\u00e3o cerebral, atua nos radicais livres, previne edema cerebral;<\/p>\n<p><strong>Hip\u00e9rico:<\/strong> antidepressivo, calmante, vaso dilatador;<\/p>\n<p><strong>Maracuj\u00e1:<\/strong> calmante, dor de cabe\u00e7a;<\/p>\n<p><strong>Sene:<\/strong> laxante, n\u00e3o confundir com emagrecedor;<\/p>\n<p><strong>T\u00edlia: <\/strong>sudor\u00edfera, relaxante muscular, banhos relaxantes;<\/p>\n<p><strong>Valeriana: <\/strong>sedativa, stress;<\/p>\n","protected":false},"excerpt":{"rendered":"<p>NATUREZA A SERVI\u00c7O DA SA\u00daDE E BELEZA As plantas listadas pertencem \u00e0 Farmacop\u00e9ia Brasileira, ou s\u00e3o consagradas pelo uso popular. Confira as propriedades de cura [&hellip;]<\/p>\n","protected":false},"author":1,"featured_media":0,"parent":0,"menu_order":0,"comment_status":"closed","ping_status":"closed","template":"","meta":{"footnotes":""},"class_list":["post-125","page","type-page","status-publish","hentry"],"yoast_head":"<!-- This site is optimized with the Yoast SEO plugin v26.2 - https:\/\/yoast.com\/wordpress\/plugins\/seo\/ -->\n<title>Fitoterapia - Lorice - Fisioterapia e Est\u00e9tica<\/title>\n<meta name=\"robots\" content=\"index, follow, max-snippet:-1, max-image-preview:large, max-video-preview:-1\" \/>\n<link rel=\"canonical\" href=\"https:\/\/loricestetic.com.br\/index.php\/fitoterapia\/\" \/>\n<meta property=\"og:locale\" content=\"pt_BR\" \/>\n<meta property=\"og:type\" content=\"article\" \/>\n<meta property=\"og:title\" content=\"Fitoterapia - Lorice - Fisioterapia e Est\u00e9tica\" \/>\n<meta property=\"og:description\" content=\"NATUREZA A SERVI\u00c7O DA SA\u00daDE E BELEZA As plantas listadas pertencem \u00e0 Farmacop\u00e9ia Brasileira, ou s\u00e3o consagradas pelo uso popular. Confira as propriedades de cura [&hellip;]\" \/>\n<meta property=\"og:url\" content=\"https:\/\/loricestetic.com.br\/index.php\/fitoterapia\/\" \/>\n<meta property=\"og:site_name\" content=\"Lorice - Fisioterapia e Est\u00e9tica\" \/>\n<meta property=\"article:modified_time\" content=\"2015-10-27T17:06:54+00:00\" \/>\n<meta name=\"twitter:card\" content=\"summary_large_image\" \/>\n<meta name=\"twitter:label1\" content=\"Est. tempo de leitura\" \/>\n\t<meta name=\"twitter:data1\" content=\"1 minuto\" \/>\n<script type=\"application\/ld+json\" class=\"yoast-schema-graph\">{\"@context\":\"https:\/\/schema.org\",\"@graph\":[{\"@type\":\"WebPage\",\"@id\":\"https:\/\/loricestetic.com.br\/index.php\/fitoterapia\/\",\"url\":\"https:\/\/loricestetic.com.br\/index.php\/fitoterapia\/\",\"name\":\"Fitoterapia - Lorice - Fisioterapia e Est\u00e9tica\",\"isPartOf\":{\"@id\":\"https:\/\/loricestetic.com.br\/#website\"},\"datePublished\":\"2015-10-13T13:12:31+00:00\",\"dateModified\":\"2015-10-27T17:06:54+00:00\",\"breadcrumb\":{\"@id\":\"https:\/\/loricestetic.com.br\/index.php\/fitoterapia\/#breadcrumb\"},\"inLanguage\":\"pt-BR\",\"potentialAction\":[{\"@type\":\"ReadAction\",\"target\":[\"https:\/\/loricestetic.com.br\/index.php\/fitoterapia\/\"]}]},{\"@type\":\"BreadcrumbList\",\"@id\":\"https:\/\/loricestetic.com.br\/index.php\/fitoterapia\/#breadcrumb\",\"itemListElement\":[{\"@type\":\"ListItem\",\"position\":1,\"name\":\"In\u00edcio\",\"item\":\"https:\/\/loricestetic.com.br\/\"},{\"@type\":\"ListItem\",\"position\":2,\"name\":\"Fitoterapia\"}]},{\"@type\":\"WebSite\",\"@id\":\"https:\/\/loricestetic.com.br\/#website\",\"url\":\"https:\/\/loricestetic.com.br\/\",\"name\":\"Lorice - Fisioterapia e Est\u00e9tica\",\"description\":\"\",\"publisher\":{\"@id\":\"https:\/\/loricestetic.com.br\/#organization\"},\"potentialAction\":[{\"@type\":\"SearchAction\",\"target\":{\"@type\":\"EntryPoint\",\"urlTemplate\":\"https:\/\/loricestetic.com.br\/?s={search_term_string}\"},\"query-input\":{\"@type\":\"PropertyValueSpecification\",\"valueRequired\":true,\"valueName\":\"search_term_string\"}}],\"inLanguage\":\"pt-BR\"},{\"@type\":\"Organization\",\"@id\":\"https:\/\/loricestetic.com.br\/#organization\",\"name\":\"Lorice - Fisioterapia e Est\u00e9tica\",\"url\":\"https:\/\/loricestetic.com.br\/\",\"logo\":{\"@type\":\"ImageObject\",\"inLanguage\":\"pt-BR\",\"@id\":\"https:\/\/loricestetic.com.br\/#\/schema\/logo\/image\/\",\"url\":\"https:\/\/loricestetic.com.br\/wp-content\/uploads\/2015\/09\/cropped-logo.png\",\"contentUrl\":\"https:\/\/loricestetic.com.br\/wp-content\/uploads\/2015\/09\/cropped-logo.png\",\"width\":160,\"height\":83,\"caption\":\"Lorice - Fisioterapia e Est\u00e9tica\"},\"image\":{\"@id\":\"https:\/\/loricestetic.com.br\/#\/schema\/logo\/image\/\"}}]}<\/script>\n<!-- \/ Yoast SEO plugin. -->","yoast_head_json":{"title":"Fitoterapia - Lorice - Fisioterapia e Est\u00e9tica","robots":{"index":"index","follow":"follow","max-snippet":"max-snippet:-1","max-image-preview":"max-image-preview:large","max-video-preview":"max-video-preview:-1"},"canonical":"https:\/\/loricestetic.com.br\/index.php\/fitoterapia\/","og_locale":"pt_BR","og_type":"article","og_title":"Fitoterapia - Lorice - Fisioterapia e Est\u00e9tica","og_description":"NATUREZA A SERVI\u00c7O DA SA\u00daDE E BELEZA As plantas listadas pertencem \u00e0 Farmacop\u00e9ia Brasileira, ou s\u00e3o consagradas pelo uso popular. Confira as propriedades de cura [&hellip;]","og_url":"https:\/\/loricestetic.com.br\/index.php\/fitoterapia\/","og_site_name":"Lorice - Fisioterapia e Est\u00e9tica","article_modified_time":"2015-10-27T17:06:54+00:00","twitter_card":"summary_large_image","twitter_misc":{"Est. tempo de leitura":"1 minuto"},"schema":{"@context":"https:\/\/schema.org","@graph":[{"@type":"WebPage","@id":"https:\/\/loricestetic.com.br\/index.php\/fitoterapia\/","url":"https:\/\/loricestetic.com.br\/index.php\/fitoterapia\/","name":"Fitoterapia - Lorice - Fisioterapia e Est\u00e9tica","isPartOf":{"@id":"https:\/\/loricestetic.com.br\/#website"},"datePublished":"2015-10-13T13:12:31+00:00","dateModified":"2015-10-27T17:06:54+00:00","breadcrumb":{"@id":"https:\/\/loricestetic.com.br\/index.php\/fitoterapia\/#breadcrumb"},"inLanguage":"pt-BR","potentialAction":[{"@type":"ReadAction","target":["https:\/\/loricestetic.com.br\/index.php\/fitoterapia\/"]}]},{"@type":"BreadcrumbList","@id":"https:\/\/loricestetic.com.br\/index.php\/fitoterapia\/#breadcrumb","itemListElement":[{"@type":"ListItem","position":1,"name":"In\u00edcio","item":"https:\/\/loricestetic.com.br\/"},{"@type":"ListItem","position":2,"name":"Fitoterapia"}]},{"@type":"WebSite","@id":"https:\/\/loricestetic.com.br\/#website","url":"https:\/\/loricestetic.com.br\/","name":"Lorice - Fisioterapia e Est\u00e9tica","description":"","publisher":{"@id":"https:\/\/loricestetic.com.br\/#organization"},"potentialAction":[{"@type":"SearchAction","target":{"@type":"EntryPoint","urlTemplate":"https:\/\/loricestetic.com.br\/?s={search_term_string}"},"query-input":{"@type":"PropertyValueSpecification","valueRequired":true,"valueName":"search_term_string"}}],"inLanguage":"pt-BR"},{"@type":"Organization","@id":"https:\/\/loricestetic.com.br\/#organization","name":"Lorice - Fisioterapia e Est\u00e9tica","url":"https:\/\/loricestetic.com.br\/","logo":{"@type":"ImageObject","inLanguage":"pt-BR","@id":"https:\/\/loricestetic.com.br\/#\/schema\/logo\/image\/","url":"https:\/\/loricestetic.com.br\/wp-content\/uploads\/2015\/09\/cropped-logo.png","contentUrl":"https:\/\/loricestetic.com.br\/wp-content\/uploads\/2015\/09\/cropped-logo.png","width":160,"height":83,"caption":"Lorice - Fisioterapia e Est\u00e9tica"},"image":{"@id":"https:\/\/loricestetic.com.br\/#\/schema\/logo\/image\/"}}]}},"_links":{"self":[{"href":"https:\/\/loricestetic.com.br\/index.php\/wp-json\/wp\/v2\/pages\/125","targetHints":{"allow":["GET"]}}],"collection":[{"href":"https:\/\/loricestetic.com.br\/index.php\/wp-json\/wp\/v2\/pages"}],"about":[{"href":"https:\/\/loricestetic.com.br\/index.php\/wp-json\/wp\/v2\/types\/page"}],"author":[{"embeddable":true,"href":"https:\/\/loricestetic.com.br\/index.php\/wp-json\/wp\/v2\/users\/1"}],"replies":[{"embeddable":true,"href":"https:\/\/loricestetic.com.br\/index.php\/wp-json\/wp\/v2\/comments?post=125"}],"version-history":[{"count":2,"href":"https:\/\/loricestetic.com.br\/index.php\/wp-json\/wp\/v2\/pages\/125\/revisions"}],"predecessor-version":[{"id":700,"href":"https:\/\/loricestetic.com.br\/index.php\/wp-json\/wp\/v2\/pages\/125\/revisions\/700"}],"wp:attachment":[{"href":"https:\/\/loricestetic.com.br\/index.php\/wp-json\/wp\/v2\/media?parent=125"}],"curies":[{"name":"wp","href":"https:\/\/api.w.org\/{rel}","templated":true}]}}