{"id":123,"date":"2015-10-13T13:12:21","date_gmt":"2015-10-13T13:12:21","guid":{"rendered":"http:\/\/loricestetic.com.br\/?page_id=123"},"modified":"2018-06-05T20:39:49","modified_gmt":"2018-06-05T20:39:49","slug":"prepos-operatorio","status":"publish","type":"page","link":"https:\/\/loricestetic.com.br\/index.php\/prepos-operatorio\/","title":{"rendered":"Pr\u00e9\/P\u00f3s Operat\u00f3rio"},"content":{"rendered":"<h2><strong>Pr\u00e9 e P\u00f3s Operat\u00f3rio: Cuidados especiais no p\u00f3s-operat\u00f3rio de:<\/strong><\/h2>\n<p>\u2013 Lipoaspira\u00e7\u00e3o<br \/>\n&#8211; Abdominoplastia;<br \/>\n&#8211; Lifting facial<br \/>\n\u2013 Mamoplastia;<br \/>\n\u2013 Bleferoplastia;<br \/>\n\u2013 Implantes Mam\u00e1rios;<br \/>\n\u2013 Cirurgias Oncol\u00f3gicas e Traumato-ortopedia.<\/p>\n<h2><strong>Tratamentos oferecidos:<\/strong> <\/h2>\n<p>\u2013 Drenagem linf\u00e1tica Manual;<br \/>\n\u2013 Tratamento para Cicatrizes e libera\u00e7ao tecidual;<br \/>\n\u2013 Curativos Espec\u00edficos e  silicone anti sinais;<br \/>\n\u2013 Massagem Cl\u00e1ssica; drenante , descompacta\u00e7\u00e3o e relaxantes;<br \/>\n\u2013 M\u00e1scaras p\u00f3s-Operat\u00f3rias;<br \/>\n\u2013 Ultrassom;<br \/>\n&#8211; ondas de choque. <\/p>\n<p><strong>Vamos avaliar e fazer uma analise e saber qual a terap\u00eautica mais indicada para  voc\u00ea e qual fase e  per\u00edodo p\u00f3s operat\u00f3rio se encontra.<\/p>\n<p>Agende sua consulta com nossa equipe<\/p>\n<p>(11)3079-0925 &#8211; (11)94542-7800 (das 12.30 as 22.00 horas).<br \/>\nLorice miguel &#8211; fisioterapeuta <\/strong><\/p>\n","protected":false},"excerpt":{"rendered":"<p>Pr\u00e9 e P\u00f3s Operat\u00f3rio: Cuidados especiais no p\u00f3s-operat\u00f3rio de: \u2013 Lipoaspira\u00e7\u00e3o &#8211; Abdominoplastia; &#8211; Lifting facial \u2013 Mamoplastia; \u2013 Bleferoplastia; \u2013 Implantes Mam\u00e1rios; \u2013 Cirurgias [&hellip;]<\/p>\n","protected":false},"author":1,"featured_media":0,"parent":0,"menu_order":0,"comment_status":"closed","ping_status":"closed","template":"","meta":{"footnotes":""},"class_list":["post-123","page","type-page","status-publish","hentry"],"yoast_head":"<!-- This site is optimized with the Yoast SEO plugin v26.2 - https:\/\/yoast.com\/wordpress\/plugins\/seo\/ -->\n<title>Pr\u00e9\/P\u00f3s Operat\u00f3rio - Lorice - Fisioterapia e Est\u00e9tica<\/title>\n<meta name=\"robots\" content=\"index, follow, max-snippet:-1, max-image-preview:large, max-video-preview:-1\" \/>\n<link rel=\"canonical\" href=\"https:\/\/loricestetic.com.br\/index.php\/prepos-operatorio\/\" \/>\n<meta property=\"og:locale\" content=\"pt_BR\" \/>\n<meta property=\"og:type\" content=\"article\" \/>\n<meta property=\"og:title\" content=\"Pr\u00e9\/P\u00f3s Operat\u00f3rio - Lorice - Fisioterapia e Est\u00e9tica\" \/>\n<meta property=\"og:description\" content=\"Pr\u00e9 e P\u00f3s Operat\u00f3rio: Cuidados especiais no p\u00f3s-operat\u00f3rio de: \u2013 Lipoaspira\u00e7\u00e3o &#8211; Abdominoplastia; &#8211; Lifting facial \u2013 Mamoplastia; \u2013 Bleferoplastia; \u2013 Implantes Mam\u00e1rios; \u2013 Cirurgias [&hellip;]\" \/>\n<meta property=\"og:url\" content=\"https:\/\/loricestetic.com.br\/index.php\/prepos-operatorio\/\" \/>\n<meta property=\"og:site_name\" content=\"Lorice - Fisioterapia e Est\u00e9tica\" \/>\n<meta property=\"article:modified_time\" content=\"2018-06-05T20:39:49+00:00\" \/>\n<meta name=\"twitter:card\" content=\"summary_large_image\" \/>\n<meta name=\"twitter:label1\" content=\"Est. tempo de leitura\" \/>\n\t<meta name=\"twitter:data1\" content=\"1 minuto\" \/>\n<script type=\"application\/ld+json\" class=\"yoast-schema-graph\">{\"@context\":\"https:\/\/schema.org\",\"@graph\":[{\"@type\":\"WebPage\",\"@id\":\"https:\/\/loricestetic.com.br\/index.php\/prepos-operatorio\/\",\"url\":\"https:\/\/loricestetic.com.br\/index.php\/prepos-operatorio\/\",\"name\":\"Pr\u00e9\/P\u00f3s Operat\u00f3rio - Lorice - Fisioterapia e Est\u00e9tica\",\"isPartOf\":{\"@id\":\"https:\/\/loricestetic.com.br\/#website\"},\"datePublished\":\"2015-10-13T13:12:21+00:00\",\"dateModified\":\"2018-06-05T20:39:49+00:00\",\"breadcrumb\":{\"@id\":\"https:\/\/loricestetic.com.br\/index.php\/prepos-operatorio\/#breadcrumb\"},\"inLanguage\":\"pt-BR\",\"potentialAction\":[{\"@type\":\"ReadAction\",\"target\":[\"https:\/\/loricestetic.com.br\/index.php\/prepos-operatorio\/\"]}]},{\"@type\":\"BreadcrumbList\",\"@id\":\"https:\/\/loricestetic.com.br\/index.php\/prepos-operatorio\/#breadcrumb\",\"itemListElement\":[{\"@type\":\"ListItem\",\"position\":1,\"name\":\"In\u00edcio\",\"item\":\"https:\/\/loricestetic.com.br\/\"},{\"@type\":\"ListItem\",\"position\":2,\"name\":\"Pr\u00e9\/P\u00f3s Operat\u00f3rio\"}]},{\"@type\":\"WebSite\",\"@id\":\"https:\/\/loricestetic.com.br\/#website\",\"url\":\"https:\/\/loricestetic.com.br\/\",\"name\":\"Lorice - Fisioterapia e Est\u00e9tica\",\"description\":\"\",\"publisher\":{\"@id\":\"https:\/\/loricestetic.com.br\/#organization\"},\"potentialAction\":[{\"@type\":\"SearchAction\",\"target\":{\"@type\":\"EntryPoint\",\"urlTemplate\":\"https:\/\/loricestetic.com.br\/?s={search_term_string}\"},\"query-input\":{\"@type\":\"PropertyValueSpecification\",\"valueRequired\":true,\"valueName\":\"search_term_string\"}}],\"inLanguage\":\"pt-BR\"},{\"@type\":\"Organization\",\"@id\":\"https:\/\/loricestetic.com.br\/#organization\",\"name\":\"Lorice - Fisioterapia e Est\u00e9tica\",\"url\":\"https:\/\/loricestetic.com.br\/\",\"logo\":{\"@type\":\"ImageObject\",\"inLanguage\":\"pt-BR\",\"@id\":\"https:\/\/loricestetic.com.br\/#\/schema\/logo\/image\/\",\"url\":\"https:\/\/loricestetic.com.br\/wp-content\/uploads\/2015\/09\/cropped-logo.png\",\"contentUrl\":\"https:\/\/loricestetic.com.br\/wp-content\/uploads\/2015\/09\/cropped-logo.png\",\"width\":160,\"height\":83,\"caption\":\"Lorice - Fisioterapia e Est\u00e9tica\"},\"image\":{\"@id\":\"https:\/\/loricestetic.com.br\/#\/schema\/logo\/image\/\"}}]}<\/script>\n<!-- \/ Yoast SEO plugin. -->","yoast_head_json":{"title":"Pr\u00e9\/P\u00f3s Operat\u00f3rio - Lorice - Fisioterapia e Est\u00e9tica","robots":{"index":"index","follow":"follow","max-snippet":"max-snippet:-1","max-image-preview":"max-image-preview:large","max-video-preview":"max-video-preview:-1"},"canonical":"https:\/\/loricestetic.com.br\/index.php\/prepos-operatorio\/","og_locale":"pt_BR","og_type":"article","og_title":"Pr\u00e9\/P\u00f3s Operat\u00f3rio - Lorice - Fisioterapia e Est\u00e9tica","og_description":"Pr\u00e9 e P\u00f3s Operat\u00f3rio: Cuidados especiais no p\u00f3s-operat\u00f3rio de: \u2013 Lipoaspira\u00e7\u00e3o &#8211; Abdominoplastia; &#8211; Lifting facial \u2013 Mamoplastia; \u2013 Bleferoplastia; \u2013 Implantes Mam\u00e1rios; \u2013 Cirurgias [&hellip;]","og_url":"https:\/\/loricestetic.com.br\/index.php\/prepos-operatorio\/","og_site_name":"Lorice - Fisioterapia e Est\u00e9tica","article_modified_time":"2018-06-05T20:39:49+00:00","twitter_card":"summary_large_image","twitter_misc":{"Est. tempo de leitura":"1 minuto"},"schema":{"@context":"https:\/\/schema.org","@graph":[{"@type":"WebPage","@id":"https:\/\/loricestetic.com.br\/index.php\/prepos-operatorio\/","url":"https:\/\/loricestetic.com.br\/index.php\/prepos-operatorio\/","name":"Pr\u00e9\/P\u00f3s Operat\u00f3rio - Lorice - Fisioterapia e Est\u00e9tica","isPartOf":{"@id":"https:\/\/loricestetic.com.br\/#website"},"datePublished":"2015-10-13T13:12:21+00:00","dateModified":"2018-06-05T20:39:49+00:00","breadcrumb":{"@id":"https:\/\/loricestetic.com.br\/index.php\/prepos-operatorio\/#breadcrumb"},"inLanguage":"pt-BR","potentialAction":[{"@type":"ReadAction","target":["https:\/\/loricestetic.com.br\/index.php\/prepos-operatorio\/"]}]},{"@type":"BreadcrumbList","@id":"https:\/\/loricestetic.com.br\/index.php\/prepos-operatorio\/#breadcrumb","itemListElement":[{"@type":"ListItem","position":1,"name":"In\u00edcio","item":"https:\/\/loricestetic.com.br\/"},{"@type":"ListItem","position":2,"name":"Pr\u00e9\/P\u00f3s Operat\u00f3rio"}]},{"@type":"WebSite","@id":"https:\/\/loricestetic.com.br\/#website","url":"https:\/\/loricestetic.com.br\/","name":"Lorice - Fisioterapia e Est\u00e9tica","description":"","publisher":{"@id":"https:\/\/loricestetic.com.br\/#organization"},"potentialAction":[{"@type":"SearchAction","target":{"@type":"EntryPoint","urlTemplate":"https:\/\/loricestetic.com.br\/?s={search_term_string}"},"query-input":{"@type":"PropertyValueSpecification","valueRequired":true,"valueName":"search_term_string"}}],"inLanguage":"pt-BR"},{"@type":"Organization","@id":"https:\/\/loricestetic.com.br\/#organization","name":"Lorice - Fisioterapia e Est\u00e9tica","url":"https:\/\/loricestetic.com.br\/","logo":{"@type":"ImageObject","inLanguage":"pt-BR","@id":"https:\/\/loricestetic.com.br\/#\/schema\/logo\/image\/","url":"https:\/\/loricestetic.com.br\/wp-content\/uploads\/2015\/09\/cropped-logo.png","contentUrl":"https:\/\/loricestetic.com.br\/wp-content\/uploads\/2015\/09\/cropped-logo.png","width":160,"height":83,"caption":"Lorice - Fisioterapia e Est\u00e9tica"},"image":{"@id":"https:\/\/loricestetic.com.br\/#\/schema\/logo\/image\/"}}]}},"_links":{"self":[{"href":"https:\/\/loricestetic.com.br\/index.php\/wp-json\/wp\/v2\/pages\/123","targetHints":{"allow":["GET"]}}],"collection":[{"href":"https:\/\/loricestetic.com.br\/index.php\/wp-json\/wp\/v2\/pages"}],"about":[{"href":"https:\/\/loricestetic.com.br\/index.php\/wp-json\/wp\/v2\/types\/page"}],"author":[{"embeddable":true,"href":"https:\/\/loricestetic.com.br\/index.php\/wp-json\/wp\/v2\/users\/1"}],"replies":[{"embeddable":true,"href":"https:\/\/loricestetic.com.br\/index.php\/wp-json\/wp\/v2\/comments?post=123"}],"version-history":[{"count":11,"href":"https:\/\/loricestetic.com.br\/index.php\/wp-json\/wp\/v2\/pages\/123\/revisions"}],"predecessor-version":[{"id":2514,"href":"https:\/\/loricestetic.com.br\/index.php\/wp-json\/wp\/v2\/pages\/123\/revisions\/2514"}],"wp:attachment":[{"href":"https:\/\/loricestetic.com.br\/index.php\/wp-json\/wp\/v2\/media?parent=123"}],"curies":[{"name":"wp","href":"https:\/\/api.w.org\/{rel}","templated":true}]}}